{"id":258,"date":"2025-09-23T10:36:20","date_gmt":"2025-09-23T08:36:20","guid":{"rendered":"https:\/\/setveu.com\/?page_id=258"},"modified":"2025-10-24T09:56:03","modified_gmt":"2025-10-24T07:56:03","slug":"politica-de-cookies","status":"publish","type":"page","link":"https:\/\/setveu.com\/es\/politica-de-cookies\/","title":{"rendered":"Pol\u00edtica de Cookies"},"content":{"rendered":"<div data-elementor-type=\"wp-page\" data-elementor-id=\"258\" class=\"elementor elementor-258\">\n\t\t\t\t<div class=\"elementor-element elementor-element-b33349 e-flex e-con-boxed wpr-particle-no wpr-jarallax-no wpr-parallax-no wpr-sticky-section-no e-con e-parent\" data-id=\"b33349\" data-element_type=\"container\">\n\t\t\t\t\t<div class=\"e-con-inner\">\n\t\t\t\t<div class=\"elementor-element elementor-element-56b08963 elementor-widget elementor-widget-text-editor\" data-id=\"56b08963\" data-element_type=\"widget\" data-widget_type=\"text-editor.default\">\n\t\t\t\t\t\t\t\t\t<p>Nuestro sitio web utiliza una tecnolog\u00eda llamada \u00abcookie\u00bb, con el fin de poder obtener informaci\u00f3n sobre el uso del sitio web, mejorar la experiencia del usuario y garantizar el su correcto funcionamiento.<\/p><p>\u00a0<\/p><p><strong>Definici\u00f3n de Cookie<\/strong><br \/>Una \u00abcookie\u00bb es un peque\u00f1o fragmento de texto que los sitios web env\u00edan al navegador y que se almacenan en el terminal del usuario, (ordenador o dispositivo m\u00f3vil). Estos archivos tienen la finalidad de almacenar datos que podr\u00e1n ser actualizados y recuperadas por la entidad responsable de su instalaci\u00f3n. As\u00ed, cada vez que el usuario vuelve a visitar el mismo sitio web, el explorador recupera el archivo y lo env\u00eda al servidor del sitio web. Las cookies tienen varias funciones entre las que se incluyen, la de recoger informaci\u00f3n sobre las preferencias del usuario y recordarla, y en general, facilitar el uso del sitio web al usuario haciendo que el sitio sea m\u00e1s \u00fatil al personalizar su contenido.<\/p><p>Las cookies se pueden clasificar en base a diferentes par\u00e1metros:<\/p><p>\u00a0<\/p><p class=\"translation-block\">\u2013 <strong>Titularidad<\/strong>: cookies propias y cookies de terceros: dependiendo de cu\u00e1l sea la entidad que gestione el dominio desde donde se env\u00edan las cookies y se traten los datos que se obtengan.<\/p><p>\u00a0<\/p><p class=\"translation-block\">\u2013 <strong>Duraci\u00f3n<\/strong>: cookies de sesi\u00f3n y cookies persistentes: de acuerdo con el plazo de tiempo que permanecen almacenadas en el terminal del usuario.<\/p><p>\u00a0<\/p><p class=\"translation-block\">\u2013 <strong>Finalidad<\/strong>: cookies t\u00e9cnicas, cookies de personalizaci\u00f3n, cookies de an\u00e1lisis, cookies publicitarias, cookies de publicidad comportamental, de acuerdo con la finalidad para la que se traten los datos obtenidos.<\/p><ol><li class=\"translation-block\"><strong>Cookies t\u00e9cnicas<\/strong>: Son aquellas que permiten al usuario la navegaci\u00f3n a trav\u00e9s de la p\u00e1gina web o aplicaci\u00f3n y la utilizaci\u00f3n de las diferentes opciones o servicios que en ella existen. Por ejemplo, controlar el tr\u00e1fico y la comunicaci\u00f3n de datos, identificar la sesi\u00f3n o acceder a las partes web de acceso restringido.<\/li><li class=\"translation-block\"><strong>Cookies de personalizaci\u00f3n<\/strong>: Son aquellas que permiten al usuario acceder al servicio con algunas caracter\u00edsticas de car\u00e1cter general predefinidas en su terminal o que el propio usuario defina. Por ejemplo, el idioma, el tipo de navegador a trav\u00e9s del cual accede al servicio o el dise\u00f1o de contenidos seleccionado.<\/li><li class=\"translation-block\"><strong>Cookies de an\u00e1lisis<\/strong>: Son aquellas que o bien tratadas por nosotros o por terceros, nos permiten cuantificar el n\u00famero de usuarios y as\u00ed realizar el an\u00e1lisis estad\u00edstico de la utilizaci\u00f3n que hacen los usuarios del servicio ofrecido. Para ello se analiza su navegaci\u00f3n en nuestra p\u00e1gina web para mejorar la oferta de productos o servicios que le ofrecemos.<\/li><li class=\"translation-block\"><strong>Cookies publicitarias<\/strong>: Son aquellas que permiten la gesti\u00f3n, de la forma m\u00e1s eficaz posible, los espacios publicitarios que, en su caso, el editor haya incluido en una p\u00e1gina web, aplicaci\u00f3n o plataforma desde la que presta el servicio solicitado sobre la base de criterios como el contenido editado o la frecuencia en a que se muestran los anuncios.<\/li><li class=\"translation-block\"><strong>Cookies de publicidad comportamental<\/strong>: Son aquellas que permiten la gesti\u00f3n, de la manera m\u00e1s eficaz posible, de los espacios publicitarios que, en su caso, el editor haya incluido en una p\u00e1gina web, aplicaci\u00f3n o plataforma desde la que presta el servicio solicitado. Estas cookies almacenan informaci\u00f3n del comportamiento de los usuarios obtenida a trav\u00e9s de la observaci\u00f3n continuada de sus h\u00e1bitos de navegaci\u00f3n, lo que permite desarrollar un perfil espec\u00edfico para mostrar publicidad en funci\u00f3n del mismo.<\/li><\/ol><p><strong>Cookies utilizadas en nuestro sitio web:<\/strong>:<\/p><p>Nuestro sitio web utiliza tanto cookies propias, que son las enviadas a su ordenador y gestionadas exclusivamente por nosotros para el mejor funcionamiento del sitio web, como cookies de terceros, con la funci\u00f3n de servirnos como herramienta de an\u00e1lisis de la interacci\u00f3n los usuarios con nuestra web, gracias a ellas obtenemos una informaci\u00f3n que puede ayudar a mejorar la navegaci\u00f3n y dar un mejor servicio a los usuarios y clientes.<\/p><p>Nuestro sitio web utiliza tanto cookies temporales de sesi\u00f3n, como cookies persistentes. Las cookies de sesi\u00f3n almacenan datos \u00fanicamente mientras el usuario accede a la web y las cookies persistentes almacenan los datos en el terminal para que sean accedidas y utilizadas en m\u00e1s de una sesi\u00f3n.<\/p><p>Finalmente, tambi\u00e9n se utilizan cookies de complemento (plug-in) para intercambiar contenidos sociales.<\/p><p>\u00a0<\/p><p><strong>Consentimiento<\/strong><br \/>El consentimiento para el uso de las cookies antes enunciadas, por los plazos se\u00f1alados y en las condiciones contenidas en la presente Pol\u00edtica de Cookies, se obtendr\u00e1 con la aceptaci\u00f3n del aviso inicial de informaci\u00f3n sobre las cookies que se visualiza en el momento en que carga nuestra web.<\/p><p>\u00a0<\/p><p><strong>Retirada del consentimiento<\/strong><br \/>El usuario podr\u00e1 retirar en cualquier momento su consentimiento relacionado con esta Pol\u00edtica sobre Cookies, para ello tendr\u00e1 que eliminar las cookies almacenadas en su equipo utilizando los ajustes y configuraciones de su navegador de Internet.<\/p><p>\u00a0<\/p><p><strong>\u00bfC\u00f3mo deshabilitar las cookies en los principales navegadores?<\/strong><br \/>Aunque puede variar ligeramente de una versi\u00f3n de navegador a otra, la configuraci\u00f3n de la pol\u00edtica de cookies para los navegadores m\u00e1s utilizados es la siguiente:<\/p><p>\u00a0<\/p><p class=\"translation-block\">\u00b7 <strong>Internet Explorer<\/strong>: Herramientas -&gt; Opciones de Internet -&gt; Privacidad -&gt; Configuraci\u00f3n.<br>\n\u00b7 <strong>Firefox<\/strong>: Herramientas -&gt; Opciones -&gt; Privacidad -&gt; Historial -&gt; Configuraci\u00f3n Personalizada.<br>\n\u00b7 <strong>Chrome<\/strong>: Configuraci\u00f3n -&gt; Mostrar opciones avanzadas -&gt; Privacidad -&gt; Configuraci\u00f3n de contenido.<br>\n\u00b7 <strong>Safari<\/strong>: Preferencias -&gt; Seguridad.<br>\n\u00b7 <strong>Opera<\/strong>: Configuraci\u00f3n -&gt; Privacidad y seguridad.<\/p><p><br \/>Para m\u00e1s informaci\u00f3n, puede consultar el soporte o la ayuda de su navegador o a trav\u00e9s de los siguientes enlaces: Safari , Chrome , Firefox , Explorer , Opera. Adem\u00e1s, tambi\u00e9n puede gestionar el almac\u00e9n de cookies en su navegador a trav\u00e9s de herramientas como las siguientes:<\/p><p><br \/>\u00b7 <strong>Your online choices<\/strong><br \/>\u00b7 <strong>Ghostery<\/strong><\/p><p>\u00a0<\/p><p><strong>Actualizaci\u00f3n de la pol\u00edtica de cookies<\/strong><br \/>Este sitio web puede modificar esta Pol\u00edtica sobre Cookies, por ello le recomendamos revisar esta pol\u00edtica cada vez que acceda a nuestro sitio web para estar adecuadamente informado sobre el uso que hacemos de las cookies.<\/p>\t\t\t\t\t\t\t\t<\/div>\n\t\t\t\t\t<\/div>\n\t\t\t\t<\/div>\n\t\t\t\t<\/div>","protected":false},"excerpt":{"rendered":"<p>El nostre lloc web utilitza una tecnologia anomenada \u00abcookie\u00bb, amb la finalitat de poder obtenir informaci\u00f3 sobre l\u2019\u00fas del lloc web, millorar l\u2019experi\u00e8ncia de l\u2019usuari i garantir l\u2019el seu correcte funcionament. \u00a0 Definici\u00f3 de CookieUna \u00abcookie\u00bb \u00e9s un petit fragment de text que els llocs web envien al navegador i que s\u2019emmagatzemen en el terminal de l\u2019usuari, (ordinador o dispositiu m\u00f2bil). Aquests arxius tenen la finalitat d\u2019emmagatzemar dades que podran ser actualitzats i recuperades per l\u2019entitat responsable de la seva instal\u00b7laci\u00f3. Aix\u00ed, cada vegada que l\u2019usuari torna a visitar el mateix lloc web, l\u2019explorador recupera l\u2019arxiu i l\u2019envia al servidor del lloc web. Les cookies tenen diverses funcions entre les quals s\u2019inclouen, la de recollir informaci\u00f3 sobre les prefer\u00e8ncies de l\u2019usuari i recordar-la, i en general, facilitar l\u2019\u00fas del lloc web a l\u2019usuari fent que el lloc sigui m\u00e9s \u00fatil en personalitzar el seu contingut. Les cookies es poden classificar sobre la base de diferents par\u00e0metres: \u00a0 \u2013 Titularitat: cookies pr\u00f2pies i cookies de tercers: depenent de quin sigui l\u2019entitat que gestioni el domini des d\u2019on s\u2019envien les cookies i es tractin les dades que s\u2019obtinguin. \u00a0 \u2013 Durada: cookies de sessi\u00f3 i cookies persistents: d\u2019acord amb el termini de temps que romanen emmagatzemades en el terminal de l\u2019usuari. \u00a0 \u2013 Finalitat: cookies t\u00e8cniques, cookies de personalitzaci\u00f3, cookies d\u2019an\u00e0lisis, cookiespublicit\u00e0ries, cookies de publicitat comportamental, d\u2019acord amb la finalitat per a la qual es tractin les dades obtingudes. Cookies t\u00e8cniques: S\u00f3n aquelles que permeten a l\u2019usuari la navegaci\u00f3 a trav\u00e9s de la p\u00e0gina web o aplicaci\u00f3 i la utilitzaci\u00f3 de les diferents opcions o serveis que en ella existeixen. Per exemple, controlar el tr\u00e0nsit i la comunicaci\u00f3 de dades, identificar la sessi\u00f3 o accedir a les parts web d\u2019acc\u00e9s restringit. Cookies de personalitzaci\u00f3: S\u00f3n aquelles que permeten a l\u2019usuari accedir al servei amb algunes caracter\u00edstiques de car\u00e0cter general predefinides en la seva terminal o que el propi usuari defineixi. Per exemple, l\u2019idioma, el tipus de navegador a trav\u00e9s del qual accedeix al servei o el disseny de continguts seleccionat. Cookies d\u2019an\u00e0lisis: S\u00f3n aquelles que o ben tractades per nosaltres o per tercers, ens permeten quantificar el nombre d\u2019usuaris i aix\u00ed realitzar l\u2019an\u00e0lisi estad\u00edstica de la utilitzaci\u00f3 que fan els usuaris del servei ofert. Per a aix\u00f2 s\u2019analitza la seva navegaci\u00f3 en la nostra p\u00e0gina web per a millorar l\u2019oferta de productes o serveis que li oferim. Cookies publicit\u00e0ries: S\u00f3n aquelles que permeten la gesti\u00f3, de la forma m\u00e9s efica\u00e7 possible, els espais publicitaris que, si \u00e9s el cas, l\u2019editor hagi incl\u00f2s en una p\u00e0gina web, aplicaci\u00f3 o plataforma des de la qual presta el servei sol\u00b7licitat sobre la base de criteris com el contingut editat o la freq\u00fc\u00e8ncia en al fet que es mostren els anuncis. Cookies de publicitat comportamental: S\u00f3n aquelles que permeten la gesti\u00f3, de la manera m\u00e9s efica\u00e7 possible, dels espais publicitaris que, si \u00e9s el cas, l\u2019editor hagi incl\u00f2s en una p\u00e0gina web, aplicaci\u00f3 o plataforma des de la qual presta el servei sol\u00b7licitat. Aquestes cookies emmagatzemen informaci\u00f3 del comportament dels usuaris obtinguda a trav\u00e9s de l\u2019observaci\u00f3 continuada dels seus h\u00e0bits de navegaci\u00f3, la qual cosa permet desenvolupar un perfil espec\u00edfic per a mostrar publicitat en funci\u00f3 d\u2019aquest. Cookies utilitzades en el nostre lloc web: El nostre lloc web utilitza tant cookies pr\u00f2pies, que s\u00f3n les enviades al seu ordinador i gestionades exclusivament per nosaltres per al millor funcionament del lloc web, com a cookies de tercers, amb la funci\u00f3 de servir-nos com a eina d\u2019an\u00e0lisi de la interacci\u00f3 els usuaris amb la nostra web, gr\u00e0cies a elles obtenim una informaci\u00f3 que pot ajudar a millorar la navegaci\u00f3 i donar un millor servei als usuaris i clients. El nostre lloc web utilitza tant cookies temporals de sessi\u00f3, com a cookies persistents. Les cookies de sessi\u00f3 emmagatzemen dades \u00fanicament mentre l\u2019usuari accedeix a la web i les cookies persistents emmagatzemen les dades en el terminal perqu\u00e8 siguin accedides i utilitzades en m\u00e9s d\u2019una sessi\u00f3. Finalment, tamb\u00e9 s\u2019utilitzen cookies de complement (connector) per a intercanviar continguts socials. \u00a0 ConsentimentEl consentiment per a l\u2019\u00fas de les cookies abans enunciades, pels terminis assenyalats i en les condicions contingudes en la present Pol\u00edtica de Cookies, s\u2019obtindr\u00e0 amb l\u2019acceptaci\u00f3 de l\u2019av\u00eds inicial d\u2019informaci\u00f3 sobre les cookies que es visualitza en el moment en qu\u00e8 carrega la nostra web. \u00a0 Retirada del consentimentL\u2019usuari podr\u00e0 retirar en qualsevol moment el seu consentiment relacionat amb aquesta Pol\u00edtica sobre Cookies, per a aix\u00f2 haur\u00e0 d\u2019eliminar les cookies emmagatzemades en el seu equip utilitzant els ajustos i configuracions del seu navegador d\u2019Internet. \u00a0 Com deshabilitar les cookies en els principals navegadors?Encara que pot variar lleugerament d\u2019una versi\u00f3 de navegador a una altra, la configuraci\u00f3 de la pol\u00edtica de cookies per als navegadors m\u00e9s utilitzats \u00e9s la seg\u00fcent: \u00a0 \u00b7 Internet Explorer: Eines -&gt; Opcions d\u2019Internet -&gt; Privacitat -&gt; Configuraci\u00f3.\u00b7 Firefox: Eines -&gt; Opcions -&gt; Privacitat -&gt; Historial -&gt; Configuraci\u00f3 Personalitzada.\u00b7 Chrome: Configuraci\u00f3 -&gt; Mostrar opcions avan\u00e7ades -&gt; Privacitat -&gt; Configuraci\u00f3 de contingut.\u00b7 Safari: Prefer\u00e8ncies -&gt; Seguretat.\u00b7 Opera: Configuraci\u00f3 -&gt; Privacitat i seguretat. Per a m\u00e9s informaci\u00f3, pot consultar el suport o l\u2019ajuda del seu navegador o a trav\u00e9s dels seg\u00fcents enlla\u00e7os: Safari , Chrome, Firefox , Explorer , Opera. A m\u00e9s, tamb\u00e9 pot gestionar el magatzem de cookies en el seu navegador a trav\u00e9s d\u2019eines com les seg\u00fcents: \u00b7 Your online choices\u00b7 Ghostery \u00a0 Actualitzaci\u00f3 de la pol\u00edtica de cookiesAquest lloc web pot modificar aquesta Pol\u00edtica sobre Cookies, per aix\u00f2 li recomanem revisar aquesta pol\u00edtica cada vegada que accedeixi al nostre lloc web per a estar adequadament informat sobre l\u2019\u00fas que fem de les cookies.<\/p>","protected":false},"author":1,"featured_media":0,"parent":0,"menu_order":0,"comment_status":"closed","ping_status":"closed","template":"","meta":{"_eb_attr":"","site-sidebar-layout":"default","site-content-layout":"","ast-site-content-layout":"default","site-content-style":"default","site-sidebar-style":"default","ast-global-header-display":"","ast-banner-title-visibility":"","ast-main-header-display":"","ast-hfb-above-header-display":"","ast-hfb-below-header-display":"","ast-hfb-mobile-header-display":"","site-post-title":"","ast-breadcrumbs-content":"","ast-featured-img":"","footer-sml-layout":"","ast-disable-related-posts":"","theme-transparent-header-meta":"","adv-header-id-meta":"","stick-header-meta":"","header-above-stick-meta":"","header-main-stick-meta":"","header-below-stick-meta":"","astra-migrate-meta-layouts":"default","ast-page-background-enabled":"default","ast-page-background-meta":{"desktop":{"background-color":"var(--ast-global-color-5)","background-image":"","background-repeat":"repeat","background-position":"center center","background-size":"auto","background-attachment":"scroll","background-type":"","background-media":"","overlay-type":"","overlay-color":"","overlay-opacity":"","overlay-gradient":""},"tablet":{"background-color":"","background-image":"","background-repeat":"repeat","background-position":"center center","background-size":"auto","background-attachment":"scroll","background-type":"","background-media":"","overlay-type":"","overlay-color":"","overlay-opacity":"","overlay-gradient":""},"mobile":{"background-color":"","background-image":"","background-repeat":"repeat","background-position":"center center","background-size":"auto","background-attachment":"scroll","background-type":"","background-media":"","overlay-type":"","overlay-color":"","overlay-opacity":"","overlay-gradient":""}},"ast-content-background-meta":{"desktop":{"background-color":"var(--ast-global-color-4)","background-image":"","background-repeat":"repeat","background-position":"center center","background-size":"auto","background-attachment":"scroll","background-type":"","background-media":"","overlay-type":"","overlay-color":"","overlay-opacity":"","overlay-gradient":""},"tablet":{"background-color":"var(--ast-global-color-4)","background-image":"","background-repeat":"repeat","background-position":"center center","background-size":"auto","background-attachment":"scroll","background-type":"","background-media":"","overlay-type":"","overlay-color":"","overlay-opacity":"","overlay-gradient":""},"mobile":{"background-color":"var(--ast-global-color-4)","background-image":"","background-repeat":"repeat","background-position":"center center","background-size":"auto","background-attachment":"scroll","background-type":"","background-media":"","overlay-type":"","overlay-color":"","overlay-opacity":"","overlay-gradient":""}},"footnotes":""},"class_list":["post-258","page","type-page","status-publish","hentry"],"_links":{"self":[{"href":"https:\/\/setveu.com\/es\/wp-json\/wp\/v2\/pages\/258","targetHints":{"allow":["GET"]}}],"collection":[{"href":"https:\/\/setveu.com\/es\/wp-json\/wp\/v2\/pages"}],"about":[{"href":"https:\/\/setveu.com\/es\/wp-json\/wp\/v2\/types\/page"}],"author":[{"embeddable":true,"href":"https:\/\/setveu.com\/es\/wp-json\/wp\/v2\/users\/1"}],"replies":[{"embeddable":true,"href":"https:\/\/setveu.com\/es\/wp-json\/wp\/v2\/comments?post=258"}],"version-history":[{"count":7,"href":"https:\/\/setveu.com\/es\/wp-json\/wp\/v2\/pages\/258\/revisions"}],"predecessor-version":[{"id":446,"href":"https:\/\/setveu.com\/es\/wp-json\/wp\/v2\/pages\/258\/revisions\/446"}],"wp:attachment":[{"href":"https:\/\/setveu.com\/es\/wp-json\/wp\/v2\/media?parent=258"}],"curies":[{"name":"wp","href":"https:\/\/api.w.org\/{rel}","templated":true}]}}