{"id":251,"date":"2025-09-23T10:26:23","date_gmt":"2025-09-23T08:26:23","guid":{"rendered":"https:\/\/setveu.com\/?page_id=251"},"modified":"2025-10-24T09:54:40","modified_gmt":"2025-10-24T07:54:40","slug":"politica-de-privacitat","status":"publish","type":"page","link":"https:\/\/setveu.com\/es\/politica-de-privacitat\/","title":{"rendered":"Pol\u00edtica de privacidad"},"content":{"rendered":"<div data-elementor-type=\"wp-page\" data-elementor-id=\"251\" class=\"elementor elementor-251\">\n\t\t\t\t<div class=\"elementor-element elementor-element-b33349 e-flex e-con-boxed wpr-particle-no wpr-jarallax-no wpr-parallax-no wpr-sticky-section-no e-con e-parent\" data-id=\"b33349\" data-element_type=\"container\">\n\t\t\t\t\t<div class=\"e-con-inner\">\n\t\t\t\t<div class=\"elementor-element elementor-element-56b08963 elementor-widget elementor-widget-text-editor\" data-id=\"56b08963\" data-element_type=\"widget\" data-widget_type=\"text-editor.default\">\n\t\t\t\t\t\t\t\t\t<p><b>INTRODUCCI\u00d3N <\/b><\/p><p>Su privacidad es importante para nosotros, as\u00ed que mediante este documento le explicamos qu\u00e9 datos recopilamos de los  usuarios, como los utilizamos y para qu\u00e9, entre otras indicaciones. Los mayores de 14 a\u00f1os podr\u00e1n registrarse como usuarios sin  el previo consentimiento de sus padres, tutores o representantes legales. En caso de menores de 14 a\u00f1os o identificados como  \u00abincapaces legalmente\u00bb, siempre necesitaremos del consentimiento paterno, o del tutor\/a o representante legal.Para su informaci\u00f3n, nunca solicitaremos m\u00e1s informaci\u00f3n de la que realmente necesitaremos para los servicios requeridos; nunca la compartiremos con terceros, excepto por obligaci\u00f3n legal o con su autorizaci\u00f3n previa; y nunca utilizaremos sus datos para otra finalidad  no indicada previamente.Como usuario, deber\u00e1 leer atentamente esta pol\u00edtica de privacidad de manera regular, y siempre que  introduzca sus datos personales, ya que este documento puede sufrir modificaciones pues el prestador puede modificar cualquier tipo de informaci\u00f3n que pudiera aparecer en la web para cumplir con la normativa o actualizar la pol\u00edtica, y sin que exista la  obligaci\u00f3n de preavisar o poner en conocimiento de los usuarios estas obligaciones, siendo suficientes la publicaci\u00f3n en el sitio  web del prestador.<\/p><p>\u00a0<\/p><p><b>RESPONSABLE DEL TRATAMIENTO <\/b><\/p><p>\u00a0<\/p><p>\u00b7 Denominaci\u00f3n social:<\/p><p>\u00b7 Domicilio Social: Ronda Llevant, 60 \u2013 08310 Argentona, Barcelona<\/p><p>\u00b7 NIF: B65965527<br \/>\u00b7 E-mail: carteldigital@setveu.com<\/p><p>\u00b7 Sitio web: https:\/\/setveu.com<\/p><p>\u00a0<\/p><p>Setveu, como responsable del Sitio web, de conformidad con lo que dispone el Reglamento (UE) 2016\/679 de 27 de abril de  2016 (RGPD), Ley Org\u00e1nica 3\/2018 de 5 de diciembre (LOPDGDD) y dem\u00e1s normativa legal vigente en materia de protecci\u00f3n de  datos personales, y por la Ley 34\/2002, de 11 de julio, de Servicios de la Sociedad de la Informaci\u00f3n y del Comercio Electr\u00f3nico  (LSSICE), le informa de que tiene implementadas las medidas de seguridad necesarias, de \u00edndole t\u00e9cnica y organizativas, para garantizar y proteger la confidencialidad, integridad y disponibilidad de los datos introducidos.Sus datos personales s\u00f3lo se utilizar\u00e1n  para las siguientes finalidades, prestando su consentimiento para cada una de las finalidades en el apartado correspondiente de  la web: mediante el formulario de contacto: nombre, email, tel\u00e9fono.<\/p><p>No se tratan categor\u00edas de datos especialmente protegidos.<\/p><p>\u00a0<\/p><p><b>FINALIDAD DEL TRATAMIENTO <\/b><\/p><p>Sus datos personales s\u00f3lo se utilizar\u00e1n para las siguientes finalidades, prestando su consentimiento para cada una de las finalidades en el apartado correspondiente de la web:<\/p><p>formulario de contacto: para responder a las consultas y \/ o proporcionar informaciones requeridas por el Usuario;<\/p><p>Otras finalidades:<\/p><p>\u2013 Realizar las gestiones comerciales, administrativas, fiscales, contables que sean necesarias en virtud de la legislaci\u00f3n vigente; \u2013 Conocer su opini\u00f3n y mejorar los servicios prestados por la web;<\/p><p>\u2013 Env\u00edo de newsletters o emails informativos y\/o comerciales;<\/p><p>\u2013 Realizaci\u00f3n de an\u00e1lisis de perfiles y de usabilidad de la web, a trav\u00e9s de las cookies (mencionadas en la pol\u00edtica de cookies); \u2013 Redes sociales: en el apartado correspondiente se especifica el uso de las redes sociales.<\/p><p>\u00a0<\/p><p>Uso de Fotograf\u00edas: Las fotograf\u00edas que est\u00e9n colgadas en la web son propiedad de Mustache, incluyendo las de los menores, en  las que, para la obtenci\u00f3n de estas, se ha obtenido el consentimiento previo de los padres, tutores o representantes legales mediante la firma de los formularios realizados para tal efecto por los centros en los que los menores forman parte. Sin embargo, los  padres, tutores o representantes de los menores, como titulares del ejercicio de los derechos de estos, y siempre previo requerimiento formal por escrito, pueden indicar la negativa al uso de la imagen del menor; en este caso, la imagen se mostrar\u00e1 pixelada.<\/p><p>Puede revocar en cualquier momento su consentimiento remitiendo un escrito con el asunto \u00abBaja\u00bb en el mail rese\u00f1ado. De  acuerdo con la LSSICE, Mustache no realiza pr\u00e1cticas de SPAM, por lo tanto, no env\u00eda correos comerciales por e-mail que no hayan  sido previamente solicitados o autorizados por el Usuario. En consecuencia, en todas las comunicaciones que recibir\u00e1 del prestador, el usuario tiene la posibilidad de revocar su consentimiento expreso para recibir nuestras comunicaciones. No trataremos sus  datos personales para ning\u00fana otra finalidad de las descritas excepto por obligaci\u00f3n legal o requerimiento judicial. No ser\u00e1 objeto  de decisiones basadas en tratamientos automatizados que produzcan efectos sobre sus datos.<\/p><p>\u00a0<\/p><p><b>LEGITIMACI\u00d3N DEL TRATAMIENTO <\/b><\/p><p>La base legal para el tratamiento de los datos es su consentimiento otorgado en el momento de dar sus datos en el formulario  correspondiente para llevar a cabo las finalidades, en el momento de marcaci\u00f3n de la casilla de verificaci\u00f3n. La oferta prospectiva  o comercial de productos y servicios est\u00e1 basada en el consentimiento que se le solicita, sin que en ning\u00fan caso la retirada de este  consentimiento condicione la ejecuci\u00f3n del contrato de suscripci\u00f3n. El no facilitar los datos personales solicitados o el no aceptar  la presente pol\u00edtica de privacidad supone la imposibilidad de conseguir las finalidades anteriormente descritas. En los casos en que haya una previa relaci\u00f3n contractual entre las partes, la legitimaci\u00f3n para el desarrollo de las obligaciones administrativas,  fiscales y contables que sean necesarias en virtud de la legislaci\u00f3n vigente ser\u00e1 la existencia previa de la relaci\u00f3n comercial establecida entre las partes.<\/p><p>\u00a0<\/p><p><b>PLAZO DE CONSERVACI\u00d3N DE LOS DATOS: <\/b><\/p><p>Sus datos se conservar\u00e1n mientras dure la relaci\u00f3n comercial con nosotros o ejerce su derecho de cancelaci\u00f3n, oposici\u00f3n o revocaci\u00f3n del consentimiento. Aun habiendo ejercido sus derechos de forma correcta, deberemos conservar debidamente bloqueados sus datos mientras duren los plazos legalmente previstos en las disposiciones aplicables.<\/p><p>\u00a0<\/p><p><b>DESTINATARIOS DE CESIONES O TRANSFERENCIAS: <\/b><\/p><p>Setveu no lleva a cabo ninguna cesi\u00f3n o comunicaci\u00f3n de datos ni dentro ni fuera de la UE. El prestador \u00fanicamente facilitar\u00e1  informaci\u00f3n a las fuerzas y cuerpos de seguridad bajo orden judicial o por obligaci\u00f3n de una norma legal, sin perjuicio de poder  bloquear o cancelar su cuenta si puede haber indicios de la comisi\u00f3n de alg\u00fan delito por parte del usuario. La informaci\u00f3n facilitada ser\u00e1 s\u00f3lo la que disponga en ese momento el prestador.<\/p><p>La informaci\u00f3n que nos proporcione tanto a trav\u00e9s de este sitio web ser\u00e1 alojada en los servidores de Mustache Creative SL.,  contratados a la empresa que presta el servicio de alojamiento de la web. El tratamiento de los datos de la entidad se encuentra  regulado mediante un contrato de encargado del tratamiento entre el prestador y esta empresa.<\/p><p>\u00a0<\/p><p><b>DERECHOS DE LAS PERSONAS INTERESADAS: <\/b><\/p><p>Como usuario-interesado, puede solicitar el ejercicio de los siguientes derechos ante Mustache presentando un escrito a la  direcci\u00f3n postal del encabezamiento o enviando un correo electr\u00f3nico a carteldigital@setveu.com, indicando como Asunto:  \u201cPROTECCI\u00d3N DE DATOS: DERECHOS DE LOS INTERESADOS\u201d, y adjuntando fotocopia de su DNI o cualquier medio an\u00e1logo en  derecho, tal como indica la ley.<\/p><p>\u00a0<\/p><p>Derechos:<\/p><p>\u2013 Derecho de acceso: permite al interesado conocer y obtener informaci\u00f3n sobre sus datos de car\u00e1cter personal sometidos a tratamiento.<\/p><p>\u2013 Derecho de rectificaci\u00f3n o supresi\u00f3n: permite corregir errores y modificar los datos que resulten ser inexactos o incompletos \u2013 Derecho de cancelaci\u00f3n: permite que se supriman los datos que sean inadecuados o excesivos<\/p><p>\u2013 Derecho de oposici\u00f3n: derecho del interesado a que no se lleve a cabo el tratamiento de sus datos de car\u00e1cter personal o se cese  en el mismo.<\/p><p>\u2013 Limitaci\u00f3n del tratamiento: conlleva el marcado de los datos personales conservados, con el fin de limitar su futuro tratamiento,  para el ejercicio o la defensa de reclamaciones.<\/p><p>\u2013 Portabilidad de los datos: facilitaci\u00f3n de los datos objeto de tratamiento al interesado, para que \u00e9ste pueda transmitir a otro  responsable, sin impedimentos.<\/p><p>\u2013 Derecho a no ser objeto de decisiones individuales automatizadas (incluida la elaboraci\u00f3n de perfiles): derecho a no ser objeto  de una decisi\u00f3n basada en el tratamiento automatizado que produzca efectos o afecte significativamente Como usuario, tiene  derecho a retirar el consentimiento dado en cualquier momento. La retirada del consentimiento no afectar\u00e1 a la licitud del tratamiento efectuado antes de la retirada del consentimiento.Tambi\u00e9n tiene derecho a presentar una reclamaci\u00f3n ante la autoridad  de control si considera que pueden haberse visto vulnerados sus derechos en relaci\u00f3n a la protecci\u00f3n de sus datos (www.aepd.es).<\/p><p>\u00a0<\/p><p><b>MEDIDAS DE SEGURIDAD <\/b><\/p><p>Los datos que nos facilite se tratar\u00e1n de forma confidencial. El prestador ha adoptado todas las medidas t\u00e9cnicas y organizativas y todos los niveles de protecci\u00f3n necesarios para garantizar la seguridad en el tratamiento de los datos y evitar su alteraci\u00f3n,  p\u00e9rdida, robo, tratamiento o acceso no autorizado, de acuerdo al estado de la tecnolog\u00eda y naturaleza de los datos almacenados.  Asimismo, se garantiza tambi\u00e9n que el tratamiento y registro en ficheros, programas, sistemas o equipos, locales y centros cumple con los requisitos y condiciones de integridad y seguridad establecidas en la normativa vigente.<\/p><p>\u00a0<\/p><p><b>IDIOMA <\/b><\/p><p>El idioma aplicable a esta pol\u00edtica de privacidad es el castellano. Por tanto, en caso de que hubiera alguna contradicci\u00f3n en alguna  de las versiones facilitadas en otros idiomas, prevalecer\u00e1 la versi\u00f3n en castellano.<\/p><p>\u00a0<\/p><p><b>CAMBIOS EN LA PRESENTE POL\u00cdTICA DE PRIVACIDAD <\/b><\/p><p>Setveu se reserva el derecho a modificar la presente pol\u00edtica para adaptarla a novedades legislativas o jurisprudenciales.<\/p><p>\u00a0<\/p><p><b>REVOCABILIDAD <\/b><\/p><p>El consentimiento prestado, tanto por el tratamiento como para la cesi\u00f3n de los datos de los interesados, es revocable en cualquier momento comunic\u00e1ndolo a Mustache en los t\u00e9rminos establecidos en esta Pol\u00edtica para el ejercicio de los derechos. Esta  revocaci\u00f3n en ning\u00fan caso tendr\u00e1 car\u00e1cter retroactivo.<\/p><p>\u00a0<\/p><p><b>LEGISLACI\u00d3N <\/b><\/p><p>Con car\u00e1cter general las relaciones entre Setveu con los Usuarios de sus servicios telem\u00e1ticos, presentes en esta web, est\u00e1n  sometidos a la legislaci\u00f3n y jurisdicci\u00f3n espa\u00f1ola a la que se someten expresamente las partes, siendo competentes para la resoluci\u00f3n de todos los conflictos derivados o relacionados con su uso los Juzgados y Tribunales de Barcelona.<\/p>\t\t\t\t\t\t\t\t<\/div>\n\t\t\t\t\t<\/div>\n\t\t\t\t<\/div>\n\t\t\t\t<\/div>","protected":false},"excerpt":{"rendered":"<p>INTRODUCCI\u00d3 La seva privacitat \u00e9s important per a nosaltres, aix\u00ed que mitjan\u00e7ant aquest document li expliquem quines dades recopilem dels usuaris, com els utilitzem i per a qu\u00e8, entre altres indicacions. Els majors de 14 anys podran registrar-se com a usuaris sense el previ consentiment dels seus pares, tutors o representants legals. En cas de menors de 14 anys o identificats com a \u00abincapa\u00e7os legalment\u00bb, sempre necessitarem del consentiment patern, o del tutor\/a o representant legal.Per a la seva informaci\u00f3, mai sol\u00b7licitarem m\u00e9s informaci\u00f3 de la que realment necessitarem per als serveis requerits; mai la compartirem amb tercers, excepte per obligaci\u00f3 legal o amb la seva autoritzaci\u00f3 pr\u00e8via; i mai utilitzarem les seves dades per a una altra finalitat no indicada pr\u00e8viament.Com a usuari, haur\u00e0 de llegir atentament aquesta pol\u00edtica de privacitat de manera regular, i sempre que introdueixi les seves dades personals, ja que aquest document pot sofrir modificacions perqu\u00e8 el prestador pot modificar qualsevol tipus d\u2019informaci\u00f3 que pogu\u00e9s apar\u00e8ixer en la web per a complir amb la normativa o actualitzar la pol\u00edtica, i sense que existeixi l\u2019obligaci\u00f3 de preavisar o posar en coneixement dels usuaris aquestes obligacions, sent suficients la publicaci\u00f3 en el lloc web del prestador. \u00a0 RESPONSABLE DEL TRACTAMENT \u00a0 \u00b7 Denominaci\u00f3 social: \u00b7 Domicili Social: Ronda Llevant, 60 \u2013 08310 Argentona, Barcelona \u00b7 NIF: B65965527\u00b7 E-mail: carteldigital@setveu.com \u00b7 Lloc web: https:\/\/setveu.com \u00a0 Setveu, com a responsable del Lloc web, de conformitat amb el que disposa el Reglament (UE) 2016\/679 de 27 d\u2019abril de 2016 (RGPD), Llei org\u00e0nica 3\/2018 de 5 de desembre (LOPDGDD) i altra normativa legal vigent en mat\u00e8ria de protecci\u00f3 de dades personals, i per la Llei 34\/2002, d\u201911 de juliol, de Serveis de la Societat de la Informaci\u00f3 i del Comer\u00e7 Electr\u00f2nic (LSSICE), l\u2019informa que t\u00e9 implementades les mesures de seguretat necess\u00e0ries, d\u2019\u00edndole t\u00e8cnica i organitzatives, per a garantir i protegir la confidencialitat, integritat i disponibilitat de les dades introdu\u00efdes.Les seves dades personals nom\u00e9s s\u2019utilitzaran per a les seg\u00fcents finalitats, prestant el seu consentiment per a cadascuna de les finalitats en l\u2019apartat corresponent de la web: mitjan\u00e7ant el formulari de contacte: nom, email, tel\u00e8fon. No es tracten categories de dades especialment protegides. \u00a0 FINALITAT DEL TRACTAMENT Les seves dades personals nom\u00e9s s\u2019utilitzaran per a les seg\u00fcents finalitats, prestant el seu consentiment per a cadascuna de les finalitats en l\u2019apartat corresponent de la web: formulari de contacte: per a respondre a les consultes i \/ o proporcionar informacions requerides per l\u2019Usuari; Altres finalitats: \u2013 Realitzar les gestions comercials, administratives, fiscals, comptables que siguin necess\u00e0ries en virtut de la legislaci\u00f3 vigent; \u2013 Con\u00e8ixer la seva opini\u00f3 i millorar els serveis prestats per la web; \u2013 Enviament de newsletters o emails informatius i\/o comercials; \u2013 Realitzaci\u00f3 d\u2019an\u00e0lisi de perfils i d\u2019usabilitat de la web, a trav\u00e9s de les cookies (esmentades en la pol\u00edtica de cookies); \u2013 Xarxes socials: en l\u2019apartat corresponent s\u2019especifica l\u2019\u00fas de les xarxes socials. \u00a0 \u00das de Fotografies: Les fotografies que estiguin penjades en la web s\u00f3n propietat de Setveu, incloent-hi les dels menors, en les quals, per a l\u2019obtenci\u00f3 d\u2019aquestes, s\u2019ha obtingut el consentiment previ dels pares, tutors o representants legals mitjan\u00e7ant la signatura dels formularis realitzats per a tal efecte pels centres en els quals els menors formen part. No obstant aix\u00f2, els pares, tutors o representants dels menors, com a titulars de l\u2019exercici dels drets d\u2019aquests, i sempre previ requeriment formal per escrit, poden indicar la negativa a l\u2019\u00fas de la imatge del menor; en aquest cas, la imatge es mostrar\u00e0 pixelada. Pot revocar en qualsevol moment el seu consentiment remetent un escrit amb l\u2019assumpte \u00abBaixa\u00bb en el mail ressenyat. D\u2019acord amb la LSSICE, Setveu no realitza pr\u00e0ctiques de SPAM, per tant, no envia correus comercials per e-mail que no hagin estat pr\u00e8viament sol\u00b7licitats o autoritzats per l\u2019Usuari. En conseq\u00fc\u00e8ncia, en totes les comunicacions que rebr\u00e0 del prestador, l\u2019usuari t\u00e9 la possibilitat de revocar el seu consentiment expr\u00e9s per a rebre les nostres comunicacions. No tractarem les seves dades personals per a ning\u00fana una altra finalitat de les descrites excepte per obligaci\u00f3 legal o requeriment judicial. No ser\u00e0 objecte de decisions basades en tractaments automatitzats que produeixin efectes sobre les seves dades. \u00a0 LEGITIMACI\u00d3 DEL TRACTAMENT La base legal per al tractament de les dades \u00e9s el seu consentiment atorgat en el moment de donar les seves dades en el formulari corresponent per a dur a terme les finalitats, en el moment de marcaci\u00f3 de la casella de verificaci\u00f3. L\u2019oferta prospectiva o comercial de productes i serveis est\u00e0 basada en el consentiment que se li sol\u00b7licita, sense que en cap cas la retirada d\u2019aquest consentiment condicioni l\u2019execuci\u00f3 del contracte de subscripci\u00f3. El no facilitar les dades personals sol\u00b7licitades o el no acceptar la present pol\u00edtica de privacitat suposa la impossibilitat d\u2019aconseguir les finalitats anteriorment descrites. En els casos en qu\u00e8 hi hagi una pr\u00e8via relaci\u00f3 contractual entre les parts, la legitimaci\u00f3 per al desenvolupament de les obligacions administratives, fiscals i comptables que siguin necess\u00e0ries en virtut de la legislaci\u00f3 vigent ser\u00e0 l\u2019exist\u00e8ncia pr\u00e8via de la relaci\u00f3 comercial establerta entre les parts. \u00a0 TERMINI DE CONSERVACI\u00d3 DE LES DADES: Les seves dades es conservaran mentre duri la relaci\u00f3 comercial amb nosaltres o exerceix el seu dret de cancel\u00b7laci\u00f3, oposici\u00f3 o revocaci\u00f3 del consentiment. Fins i tot havent exercit els seus drets de manera correcta, haurem de conservar degudament bloquejats les seves dades mentre durin els terminis legalment previstos en les disposicions aplicables. \u00a0 DESTINATARIS DE CESSIONS O TRANSFER\u00c8NCIES: Setveu no duu a terme cap cessi\u00f3 o comunicaci\u00f3 de dades ni dins ni fora de la UE. El prestador \u00fanicament facilitar\u00e0 informaci\u00f3 a les forces i cossos de seguretat sota ordre judicial o per obligaci\u00f3 d\u2019una norma legal, sense perjudici de poder bloquejar o cancel\u00b7lar el seu compte si pot haver-hi indicis de la comissi\u00f3 d\u2019algun delicte per part de l\u2019usuari. La informaci\u00f3 facilitada ser\u00e0 nom\u00e9s la que disposi en aquest moment el prestador. La informaci\u00f3 que ens proporcioni tant a trav\u00e9s d\u2019aquest lloc web ser\u00e0 allotjada en els servidors<\/p>","protected":false},"author":1,"featured_media":0,"parent":0,"menu_order":0,"comment_status":"closed","ping_status":"closed","template":"","meta":{"_eb_attr":"","site-sidebar-layout":"default","site-content-layout":"","ast-site-content-layout":"default","site-content-style":"default","site-sidebar-style":"default","ast-global-header-display":"","ast-banner-title-visibility":"","ast-main-header-display":"","ast-hfb-above-header-display":"","ast-hfb-below-header-display":"","ast-hfb-mobile-header-display":"","site-post-title":"","ast-breadcrumbs-content":"","ast-featured-img":"","footer-sml-layout":"","ast-disable-related-posts":"","theme-transparent-header-meta":"","adv-header-id-meta":"","stick-header-meta":"","header-above-stick-meta":"","header-main-stick-meta":"","header-below-stick-meta":"","astra-migrate-meta-layouts":"default","ast-page-background-enabled":"default","ast-page-background-meta":{"desktop":{"background-color":"var(--ast-global-color-5)","background-image":"","background-repeat":"repeat","background-position":"center center","background-size":"auto","background-attachment":"scroll","background-type":"","background-media":"","overlay-type":"","overlay-color":"","overlay-opacity":"","overlay-gradient":""},"tablet":{"background-color":"","background-image":"","background-repeat":"repeat","background-position":"center center","background-size":"auto","background-attachment":"scroll","background-type":"","background-media":"","overlay-type":"","overlay-color":"","overlay-opacity":"","overlay-gradient":""},"mobile":{"background-color":"","background-image":"","background-repeat":"repeat","background-position":"center center","background-size":"auto","background-attachment":"scroll","background-type":"","background-media":"","overlay-type":"","overlay-color":"","overlay-opacity":"","overlay-gradient":""}},"ast-content-background-meta":{"desktop":{"background-color":"var(--ast-global-color-4)","background-image":"","background-repeat":"repeat","background-position":"center center","background-size":"auto","background-attachment":"scroll","background-type":"","background-media":"","overlay-type":"","overlay-color":"","overlay-opacity":"","overlay-gradient":""},"tablet":{"background-color":"var(--ast-global-color-4)","background-image":"","background-repeat":"repeat","background-position":"center center","background-size":"auto","background-attachment":"scroll","background-type":"","background-media":"","overlay-type":"","overlay-color":"","overlay-opacity":"","overlay-gradient":""},"mobile":{"background-color":"var(--ast-global-color-4)","background-image":"","background-repeat":"repeat","background-position":"center center","background-size":"auto","background-attachment":"scroll","background-type":"","background-media":"","overlay-type":"","overlay-color":"","overlay-opacity":"","overlay-gradient":""}},"footnotes":""},"class_list":["post-251","page","type-page","status-publish","hentry"],"_links":{"self":[{"href":"https:\/\/setveu.com\/es\/wp-json\/wp\/v2\/pages\/251","targetHints":{"allow":["GET"]}}],"collection":[{"href":"https:\/\/setveu.com\/es\/wp-json\/wp\/v2\/pages"}],"about":[{"href":"https:\/\/setveu.com\/es\/wp-json\/wp\/v2\/types\/page"}],"author":[{"embeddable":true,"href":"https:\/\/setveu.com\/es\/wp-json\/wp\/v2\/users\/1"}],"replies":[{"embeddable":true,"href":"https:\/\/setveu.com\/es\/wp-json\/wp\/v2\/comments?post=251"}],"version-history":[{"count":10,"href":"https:\/\/setveu.com\/es\/wp-json\/wp\/v2\/pages\/251\/revisions"}],"predecessor-version":[{"id":440,"href":"https:\/\/setveu.com\/es\/wp-json\/wp\/v2\/pages\/251\/revisions\/440"}],"wp:attachment":[{"href":"https:\/\/setveu.com\/es\/wp-json\/wp\/v2\/media?parent=251"}],"curies":[{"name":"wp","href":"https:\/\/api.w.org\/{rel}","templated":true}]}}