{"id":246,"date":"2025-09-23T10:19:25","date_gmt":"2025-09-23T08:19:25","guid":{"rendered":"https:\/\/setveu.com\/?page_id=246"},"modified":"2025-10-24T09:55:18","modified_gmt":"2025-10-24T07:55:18","slug":"avis-legal","status":"publish","type":"page","link":"https:\/\/setveu.com\/es\/avis-legal\/","title":{"rendered":"Aviso Legal"},"content":{"rendered":"<div data-elementor-type=\"wp-page\" data-elementor-id=\"246\" class=\"elementor elementor-246\">\n\t\t\t\t<div class=\"elementor-element elementor-element-b33349 e-flex e-con-boxed wpr-particle-no wpr-jarallax-no wpr-parallax-no wpr-sticky-section-no e-con e-parent\" data-id=\"b33349\" data-element_type=\"container\">\n\t\t\t\t\t<div class=\"e-con-inner\">\n\t\t\t\t<div class=\"elementor-element elementor-element-56b08963 elementor-widget elementor-widget-text-editor\" data-id=\"56b08963\" data-element_type=\"widget\" data-widget_type=\"text-editor.default\">\n\t\t\t\t\t\t\t\t\t<p>Con el fin de dar cumplimiento al art\u00edculo 10 de la Ley 34\/2002 de Servicios de la Sociedad de la Informaci\u00f3n y del Comercio  Electr\u00f3nico, informamos a los usuarios de nuestros datos:<\/p><p>\u00a0<\/p><p>\u00b7 Denominaci\u00f3n social:<\/p><p>\u00b7 Domicilio Social: Ronda Llevant, 60 \u2013 08310 Argentona, Barcelona<\/p><p>\u00b7 NIF: B65965527<br \/>\u00b7 E-mail: carteldigital@setveu.com<\/p><p>\u00b7 Sitio web: https:\/\/setveu.com<\/p><p>\u00a0<\/p><p><b>1.- OBJECTO <\/b><\/p><p>Setveu (en adelante tambi\u00e9n el prestador) c\u00f3mo responsable del sitio web, pone a disposici\u00f3n de los usuarios el  presente documento, que regula el uso del sitio web https:\/\/mustachecreative.com, con el que pretendemos dar cumplimiento  a las obligaciones que dispone la Ley 34\/2002, de Servicios de la Sociedad de la Informaci\u00f3n y del Comercio Electr\u00f3nico (LSSICE  o LSSI), as\u00ed como informar a todos los usuarios del sitio web respecto de cu\u00e1les son las condiciones de uso del sitio web. A trav\u00e9s  de la Web, el prestador facilita a los usuarios el acceso y utilizaci\u00f3n de diferentes servicios y contenidos puestos a disposici\u00f3n  a trav\u00e9s del web. Toda persona que acceda a esta web asume el papel de usuario (en adelante el usuario), e implica la aceptaci\u00f3n total y sin reservas de todas y cada una de las disposiciones incluidas en este aviso legal, as\u00ed como a cualesquiera otras  disposiciones legales que fueran de aplicaci\u00f3n. Como usuarios, tienen que leer atentamente este Aviso Legal en cualquier de  las ocasiones que entren a la web, pues \u00e9sta puede sufrir modificaciones ya que el prestador se reserva el derecho a modificar  cualquier tipo de informaci\u00f3n que pudiera aparecer en la web, sin que exista la obligaci\u00f3n de pre-avisar o poner en conocimiento de los usuarios estas obligaciones, siendo suficientes la publicaci\u00f3n en el sitio web del prestador.<\/p><ol start=\"2\"><li><b> CONDICIONES DE ACCESO Y USO DE LA WEB. <\/b><\/li><\/ol><p>2.1. Car\u00e1cter gratuito del acceso y uso de la web.<\/p><p>La prestaci\u00f3n de los servicios por parte de Setveu tiene car\u00e1cter gratuito para todos los Usuarios. No obstante, algunos de los  servicios suministrados por el prestador a trav\u00e9s de la Web est\u00e1n sujetas al pago de un precio determinado a las condiciones  generales de contrataci\u00f3n.<\/p><p>\u00a0<\/p><p>2.2 Registro de Usuario.<\/p><p>Con car\u00e1cter general la prestaci\u00f3n de los Servicios no exige la previa suscripci\u00f3n o registro de los Usuarios. Aun as\u00ed, Setveu  condiciona el uso de algunos de los servicios a la previa complementaci\u00f3n del correspondiente registro de Usuario. Este registro  se efectuar\u00e1 en la forma expresamente indicada en la propia secci\u00f3n del servicio.<\/p><p>\u00a0<\/p><p>2.3. Veracidad de la informaci\u00f3n.<\/p><p>Toda la informaci\u00f3n que facilita el Usuario tiene que ser veraz. A estos efectos, el Usuario garantiza la autenticidad de los datos  comunicados a trav\u00e9s de los formularios para la suscripci\u00f3n de los Servicios. Ser\u00e1 responsabilidad del Usuario mantener toda  la informaci\u00f3n facilitada a Setveu permanentemente actualizada de forma que responda, en cada momento, a su situaci\u00f3n  real. En todo caso, el Usuario ser\u00e1 el \u00fanico responsable de las manifestaciones falsas o inexactas que realice y de los perjuicios  que cause al prestador o a terceros.<\/p><p>\u00a0<\/p><p>2.4. Menores de edad.<\/p><p>El Usuario se compromete a utilizar la Web de conformidad a la Ley y al presente Aviso Legal, as\u00ed como a la moral y a buenas  costumbres. A tal efecto, el Usuario se abstendr\u00e1 de utilizar la p\u00e1gina con finalidades il\u00edcitas o prohibidas, lesivas de derechos e  intereses de terceros, o que de cualquier forma puedan da\u00f1ar, inutilizar, sobrecargar, deteriorar o impedir la normal utilizaci\u00f3n  de equipos inform\u00e1ticos o documentos, archivos y toda clase de contenidos almacenados en cualquier equipo inform\u00e1tico del  prestador. En particular, y a t\u00edtulo indicativo pero no exhaustivo, el Usuario se compromete a no transmitir, difundir o poner a  disposici\u00f3n de terceros informaciones, datos, contenidos, mensajes, gr\u00e1ficos, dibujos, archivos de sonido o imagen, fotograf\u00edas,  grabaciones, software y, en general, cualquier clase de material que: (a) sea contraria, desprecie o atente contra los derechos  fundamentales y las libertades p\u00fablicas reconocidas constitucionalmente, en tratados internacionales y otras normas vigen tes; (b) induzca, incite o promueva actuaciones delictivas, denigrantes, difamatorias, violentas o, en general, contrarias a la ley,  a la moral y al orden p\u00fablico; (c) induzca, incite o promueva actuaciones, actitudes o pensamientos discriminatorios por raz\u00f3n  de sexo, raza, religi\u00f3n, creencias, edad o condici\u00f3n; (d) sea contrario al derecho al honor, a la intimidad personal o familiar o a la  propia imagen de las personas; (e) de cualquier manera perjudique la credibilidad del prestador o de terceros; y (f) constituya  publicidad il\u00edcita, enga\u00f1osa o desleal.<\/p><p>\u00a0<\/p><p><b>3.- EXCLUSI\u00d3N DE GARANT\u00cdAS Y RESPONSABILIDAD <\/b><\/p><p>El prestador se exime de cualquier tipo de responsabilidad derivada de la informaci\u00f3n publicada en nuestro sitio web, siempre  que esta informaci\u00f3n haya sido manipulada o introducida por un tercero ajeno. Esta web ha sido revisada y probada para que  funcione correctamente. En principio, se puede garantizar el correcto funcionamiento los 365 d\u00edas del a\u00f1o, 24 horas al d\u00eda. Sin  embargo, el prestador no descarta la posibilidad que existan determinados errores de programaci\u00f3n, o que sucedan causas de  fuerza mayor, cat\u00e1strofes naturales, huelgas, o circunstancias parecidas que hagan imposible el acceso a la p\u00e1gina web. Mus tasche no otorga ninguna garant\u00eda ni se hace responsable, en ning\u00fan caso, de los da\u00f1os y perjuicios de cualquier naturaleza  que puedan salir a colaci\u00f3n de la falta de disponibilidad, mantenimiento y efectivo funcionamiento de la web o de sus servicios  y contenidos; de la existencia de virus, programas maliciosos o lesivos en los contenidos; del uso il\u00edcito, negligente, fraudulento  o contrario a este Aviso Legal y condiciones de uso; o de La falta de licitud, calidad, fiabilidad, utilidad y disponibilidad de los servicios prestados por terceros y ademanes a disposici\u00f3n de los usuarios en el sitio web. El prestador no se hace responsable bajo  ning\u00fan concepto de los da\u00f1os que puedan dimanar del uso ilegal o indebido de la presente p\u00e1gina web.<\/p><p>\u00a0<\/p><p><b>4.- COOKIES <\/b><\/p><p>El sitio web del prestador puede utilizar cookies (peque\u00f1os archivos de informaci\u00f3n que el servidor env\u00eda al ordenador de quien  accede en la p\u00e1gina) para llevar a cabo determinadas funciones que son consideradas imprescindibles para el correcto funcionamiento y visualizaci\u00f3n del lugar. Las cookies utilizadas tienen, en todo caso, car\u00e1cter temporal, con la \u00fanica finalidad de hacer  m\u00e1s eficaz la navegaci\u00f3n, y desaparecen al acabar la sesi\u00f3n del usuario. \n\nEn ning\u00fan caso se utilizar\u00e1n las cookies para recoger informaci\u00f3n de car\u00e1cter personal. Para m\u00e1s informaci\u00f3n, ver nuestra Pol\u00edtica de Cookies.<\/p><p>En cap cas s\u2019utilitzaran les cookies per a recollir informaci\u00f3 de car\u00e0cter personal. Per a m\u00e9s informaci\u00f3, veure la nostra Pol\u00edtica de Cookies.<\/p><p>\u00a0<\/p><p><b>5.- ENLACES (LINKS) <\/b><\/p><p>Desde el sitio web es posible que se redirija a contenidos patrocinados, anuncios y \/ o enlaces de afiliados y \/ o de terceras webs.  Entre los enlaces facilitados, existe la posibilidad de informar o hacer referencia a productos y \/ o servicios de terceros. Dado que  desde la web no podemos controlar los contenidos introducidos por los terceros, Setveu no asume ning\u00fan tipo de responsabilidad respecto a dichos contenidos, ni garantiza la experiencia, integridad o calidad de sus productos. En todo caso, el prestador manifiesta que proceder\u00e1 a la retirada inmediata de cualquier contenido que pudiera contravenir la legislaci\u00f3n nacional  o internacional, la moral o el orden p\u00fablico, procediendo a la retirada inmediata de la re-direcci\u00f3n a estas webs, poniendo en  conocimiento de las autoridades competentes el contenido en cuesti\u00f3n. Setveu tendr\u00e1 publicados estos enlaces hasta que  sean eliminados o suspendidos por el prestador o por el anunciante, y no ser\u00e1 responsable aunque estos anuncios puedan ser  indexados por otros buscadores ajenos a esta web. El prestador no se responsabiliza de la informaci\u00f3n y contenidos almacenados, a t\u00edtulo enunciativo pero no limitativo, en foros, chats, generadores de blogs, comentarios, redes sociales o cualquier otro  medio que permita a terceros publicar contenidos de forma independiente en la p\u00e1gina web del prestador. No obstante y en  cumplimiento de lo dispuesto en el art. 11 y 16 de la LSSICE, el prestador se pone a disposici\u00f3n de todos los usuarios, autoridades y fuerzas de seguridad, y colaborando de forma activa en la retirada o, cuando sea necesario, el bloqueo de todos aquellos  contenidos que puedan afectar o contravenir la legislaci\u00f3n nacional, o internacional, derechos de terceros o la moral y el orden  p\u00fablico. En caso de que el usuario considere que puede existir alg\u00fan contenido que pudiera ser susceptible de esta clasificaci\u00f3n, se ruega lo notifique de forma inmediata al administrador del sitio web. Sin embargo, Setveu le informa que cualquier  relaci\u00f3n contractual o extracontractual que el usuario formalice con estos terceros, afiliados o anunciantes mediante el link  proporcionado por esta web, ser\u00e1 v\u00e1lido \u00fanicamente y exclusivamente entre el usuario y el anunciante y \/ o tercera persona y  Setveu no tendr\u00e1 ning\u00fan tipo de responsabilidad sobre los da\u00f1os o perjuicios que pudieran ser ocasionados por la prestaci\u00f3n  de servicios y \/ o relaciones contractuales o extracontractuales realizadas entre el usuario y los anunciantes o terceros contactadas a trav\u00e9s de este portal ya que el prestador s\u00f3lo act\u00faa como intermediario o medio publicitario.<\/p><p>\u00a0<\/p><p><b>6.- PROTECCI\u00d3N DE DATOS PERSONALES <\/b><\/p><p>El prestador est\u00e1 profundamente comprometido con el cumplimiento de la normativa de protecci\u00f3n de datos personales y  garantiza el cumplimiento \u00edntegro de las obligaciones dispuestas, as\u00ed como la implementaci\u00f3n de las medidas de seguridad dispuestas al Reglamento Europeo de Protecci\u00f3n de datos y la normativa espa\u00f1ola de protecci\u00f3n de datos. Para m\u00e1s informaci\u00f3n,  ver nuestra Pol\u00edtica de Privacidad.<\/p><ol start=\"7\"><li><b> PROPIEDAD INTELECTUAL E INDUSTRIAL <\/b><\/li><\/ol><p>El sitio web, incluyendo a t\u00edtulo enunciativo pero no limitativo la programaci\u00f3n, edici\u00f3n, compilaci\u00f3n y otros elementos necesa rios para su funcionamiento, los dise\u00f1os, logotipos, textos, fotograf\u00edas y\/o gr\u00e1ficos son propiedad del prestador o, en caso de que  fuera necesario, dispone de la licencia o autorizaci\u00f3n expresa por parte de los autores. Todos los contenidos del sitio web se encuentran debidamente protegidos por la normativa de propiedad intelectual e industrial. Independientemente de la finalidad  por la que fueran destinados, la reproducci\u00f3n total o parcial, uso, distribuci\u00f3n y comunicaci\u00f3n p\u00fablica requieren de la autorizaci\u00f3n escrita previa por parte del prestador. Cualquier uso no autorizado previamente por parte del prestador ser\u00e1 considerado  un incumplimiento grave de los derechos de propiedad intelectual o industrial del autor. Los dise\u00f1os, logotipos, textos y\/o gr\u00e1ficos ajenos al prestador y que puedan aparecer en el sitio web, pertenecen a sus respectivos propietarios, siendo ellos mismos  los responsables de cualquier posible controversia que pudiera acontecer respecto a los mismos. En todo caso, el prestador  cuenta con la autorizaci\u00f3n expresa y previa por parte de los mismos. El prestador reconoce a favor de sus titulares los correspondientes derechos de propiedad industrial e intelectual, no implicando la menci\u00f3n o aparici\u00f3n en el sitio web, de la existencia de  derechos o ninguna responsabilidad del prestador sobre los mismos, como tampoco respaldo, patrocinio o recomendaci\u00f3n por  parte del mismo. Para realizar cualquier tipo de observaci\u00f3n respecto a posibles incumplimientos de los derechos de propiedad  intelectual o industrial, as\u00ed como sobre cualquiera de los contenidos del sitio web, puede hacerlo a trav\u00e9s del correo electr\u00f3nico  arriba rese\u00f1ado.<\/p><p>\u00a0<\/p><p><b>8.- LEY APLICABLE Y JURISDICCI\u00d3N <\/b><\/p><p>Para la resoluci\u00f3n de las controversias o cuestiones relacionadas con la presente p\u00e1gina web o de las actividades en esta desarrolladas, ser\u00e1 de aplicaci\u00f3n la legislaci\u00f3n espa\u00f1ola, a la que se someten expresamente las partes, siendo competentes por la  resoluci\u00f3n de todos los conflictos derivados o relacionados con su uso los Juzgados y Tribunales de Barcelona.<\/p>\t\t\t\t\t\t\t\t<\/div>\n\t\t\t\t\t<\/div>\n\t\t\t\t<\/div>\n\t\t\t\t<\/div>","protected":false},"excerpt":{"rendered":"<p>Amb la finalitat de donar compliment a l\u2019article 10 de la Llei 34\/2002 de Serveis de la Societat de la Informaci\u00f3 i del Comer\u00e7 Electr\u00f2nic, informem els usuaris de les nostres dades: \u00a0 \u00b7 Denominaci\u00f3 social: \u00b7 Domicili Social: Ronda Llevant, 60 \u2013 08310 Argentona, Barcelona \u00b7 NIF: B65965527\u00b7 E-mail: carteldigital@setveu.com \u00b7 Lloc web: https:\/\/setveu.com \u00a0 1.- OBJECTE SETVEU (d\u2019ara endavant tamb\u00e9 el prestador) com responsable del lloc web, posa a la disposici\u00f3 dels usuaris el present document, que regula l\u2019\u00fas del lloc web https:\/\/setveu.com, amb el qual pretenem donar compliment a les obligacions que disposa la Llei 34\/2002, de Serveis de la Societat de la Informaci\u00f3 i del Comer\u00e7 Electr\u00f2nic (LSSICE o LSSI), aix\u00ed com informar a tots els usuaris del lloc web respecte de quins s\u00f3n les condicions d\u2019\u00fas del lloc web. A trav\u00e9s de la Web, el prestador facilita als usuaris l\u2019acc\u00e9s i utilitzaci\u00f3 de diferents serveis i continguts posats a disposici\u00f3 a trav\u00e9s del web. Tota persona que accedeixi a aquesta web assumeix el paper d\u2019usuari (d\u2019ara endavant l\u2019usuari), i implica l\u2019acceptaci\u00f3 total i sense reserves de totes i cadascuna de les disposicions incloses en aquest av\u00eds legal, aix\u00ed com a qualssevol altres disposicions legals que fossin aplicable. Com a usuaris, han de llegir atentament aquest Av\u00eds Legal en qualsevol de les ocasions que entrin a la web, perqu\u00e8 aquesta pot sofrir modificacions ja que el prestador es reserva el dret a modificar qualsevol tipus d\u2019informaci\u00f3 que pogu\u00e9s apar\u00e8ixer en la web, sense que existeixi l\u2019obligaci\u00f3 de pre-avisar o posar en coneixement dels usuaris aquestes obligacions, sent suficients la publicaci\u00f3 en el lloc web del prestador. CONDICIONS D\u2019ACC\u00c9S I \u00daS DE LA WEB. 2.1. Car\u00e0cter gratu\u00eft de l\u2019acc\u00e9s i \u00fas de la web. La prestaci\u00f3 dels serveis per part de Setveu t\u00e9 car\u00e0cter gratu\u00eft per a tots els Usuaris. No obstant aix\u00f2, alguns dels serveis subministrats pel prestador a trav\u00e9s de la Web estan subjectes al pagament d\u2019un preu determinat a les condicions generals de contractaci\u00f3. \u00a0 2.2. Registre d\u2019Usuari. Amb car\u00e0cter general la prestaci\u00f3 dels Serveis no exigeix la pr\u00e8via subscripci\u00f3 o registre dels Usuaris. Aix\u00ed i tot, Setveu condiciona l\u2019\u00fas d\u2019alguns dels serveis a la pr\u00e8via complementaci\u00f3 del corresponent registre d\u2019Usuari. Aquest registre s\u2019efectuar\u00e0 en la forma expressament indicada en la pr\u00f2pia secci\u00f3 del servei. \u00a0 2.3. Veracitat de la informaci\u00f3. Tota la informaci\u00f3 que facilita l\u2019Usuari ha de ser vera\u00e7. A aquest efecte, l\u2019Usuari garanteix l\u2019autenticitat de les dades comunicades a trav\u00e9s dels formularis per a la subscripci\u00f3 dels Serveis. Ser\u00e0 responsabilitat de l\u2019Usuari mantenir tota la informaci\u00f3 facilitada a Setveu permanentment actualitzada de manera que respongui, a cada moment, a la seva situaci\u00f3 real. En tot cas, l\u2019Usuari ser\u00e0 l\u2019\u00fanic responsable de les manifestacions falses o inexactes que realitzi i dels perjudicis que causi al prestador o a tercers. \u00a0 2.4. Menors d\u2019edat. L\u2019Usuari es compromet a utilitzar la Web de conformitat a la Llei i al present Av\u00eds Legal, aix\u00ed com a la moral i a les bones costums. A aquest efecte, l\u2019Usuari s\u2019abstindr\u00e0 d\u2019utilitzar la p\u00e0gina amb finalitats il\u00b7l\u00edcites o prohibides, lesives de drets i interessos de tercers, o que de qualsevol forma puguin danyar, inutilitzar, sobrecarregar, deteriorar o impedir la normal utilitzaci\u00f3 d\u2019equips inform\u00e0tics o documents, arxius i tota classe de continguts emmagatzemats en qualsevol equip inform\u00e0tic del prestador.. En particular, i a t\u00edtol indicatiu per\u00f2 no exhaustiu, l\u2019Usuari es compromet a no transmetre, difondre o posar a disposici\u00f3 de tercers informacions, dades, continguts, missatges, gr\u00e0fics, dibuixos, arxius de so o imatge, fotografies, gravacions, programari i, en general, qualsevol classe de material que: (a) sigui contr\u00e0ria, menyspre\u00ef o atempti contra els drets fonamentals i les llibertats p\u00fabliques reconegudes constitucionalment, en tractats internacionals i altres normes vigen tes; (b) indueixi, inciti o promogui actuacions delictives, denigrants, difamat\u00f2ries, violentes o, en general, contr\u00e0ries a la llei, a la moral i a l\u2019ordre p\u00fablic; (c) indueixi, inciti o promogui actuacions, actituds o pensaments discriminatoris per ra\u00f3 de sexe, ra\u00e7a, religi\u00f3, creences, edat o condici\u00f3; (d) sigui contrari al dret a l\u2019honor, a la intimitat personal o familiar o a la pr\u00f2pia imatge de les persones; (e) de qualsevol manera perjudiqui la credibilitat del prestador o de tercers; i (f) constitueixi publicitat il\u00b7l\u00edcita, enganyosa o deslleial. \u00a0 3.- EXCLUSI\u00d3 DE GARANTIES I RESPONSABILITAT El prestador s\u2019eximeix de qualsevol tipus de responsabilitat derivada de la informaci\u00f3 publicada en el nostre lloc web, sempre que aquesta informaci\u00f3 hagi estat manipulada o introdu\u00efda per un tercer ali\u00e8. Aquesta web ha estat revisada i provada perqu\u00e8 funcioni correctament. En principi, es pot garantir el correcte funcionament els 365 dies de l\u2019any, 24 hores al dia. Sense embargament, el prestador no descarta la possibilitat que existeixin determinats errors de programaci\u00f3, o que succeeixin causes de for\u00e7a major, cat\u00e0strofes naturals, vagues, o circumst\u00e0ncies semblants que facin impossible l\u2019acc\u00e9s a la p\u00e0gina web. Setveu no atorga cap garantia ni es fa responsable, en cap cas, dels danys i perjudicis de qualsevol naturalesa que puguin sortir a col\u00b7laci\u00f3 de la falta de disponibilitat, manteniment i efectiu funcionament de la web o dels seus serveis i continguts; de l\u2019exist\u00e8ncia de virus, programes maliciosos o lesius en els continguts; de l\u2019\u00fas il\u00b7l\u00edcit, negligent, fraudulent o contrari a aquest Av\u00eds Legal i condicions d\u2019\u00fas; o de La falta de licitud, qualitat, fiabilitat, utilitat i disponibilitat dels servicis prestats per tercers i posats a la disposici\u00f3 dels usuaris en el lloc web. El prestador no es fa responsable sota cap concepte dels danys que puguin dimanar de l\u2019\u00fas il\u00b7legal o indegut de la present p\u00e0gina web. \u00a0 4.- COOKIES El lloc web del prestador pot utilitzar cookies (petits arxius d\u2019informaci\u00f3 que el servidor envia a l\u2019ordinador de qui accedeix en la p\u00e0gina) per a dur a terme determinades funcions que s\u00f3n considerades imprescindibles per al correcte funcionament i visualitzaci\u00f3 del lloc. Les cookies utilitzades tenen, en tot cas, car\u00e0cter temporal, amb l\u2019\u00fanica finalitat de fer m\u00e9s efica\u00e7 la navegaci\u00f3, i desapareixen en acabar la sessi\u00f3 de l\u2019usuari. En cap cas s\u2019utilitzaran les cookies per<\/p>","protected":false},"author":1,"featured_media":0,"parent":0,"menu_order":0,"comment_status":"closed","ping_status":"closed","template":"","meta":{"_eb_attr":"","site-sidebar-layout":"default","site-content-layout":"","ast-site-content-layout":"default","site-content-style":"default","site-sidebar-style":"default","ast-global-header-display":"","ast-banner-title-visibility":"","ast-main-header-display":"","ast-hfb-above-header-display":"","ast-hfb-below-header-display":"","ast-hfb-mobile-header-display":"","site-post-title":"","ast-breadcrumbs-content":"","ast-featured-img":"","footer-sml-layout":"","ast-disable-related-posts":"","theme-transparent-header-meta":"","adv-header-id-meta":"","stick-header-meta":"","header-above-stick-meta":"","header-main-stick-meta":"","header-below-stick-meta":"","astra-migrate-meta-layouts":"default","ast-page-background-enabled":"default","ast-page-background-meta":{"desktop":{"background-color":"var(--ast-global-color-5)","background-image":"","background-repeat":"repeat","background-position":"center center","background-size":"auto","background-attachment":"scroll","background-type":"","background-media":"","overlay-type":"","overlay-color":"","overlay-opacity":"","overlay-gradient":""},"tablet":{"background-color":"","background-image":"","background-repeat":"repeat","background-position":"center center","background-size":"auto","background-attachment":"scroll","background-type":"","background-media":"","overlay-type":"","overlay-color":"","overlay-opacity":"","overlay-gradient":""},"mobile":{"background-color":"","background-image":"","background-repeat":"repeat","background-position":"center center","background-size":"auto","background-attachment":"scroll","background-type":"","background-media":"","overlay-type":"","overlay-color":"","overlay-opacity":"","overlay-gradient":""}},"ast-content-background-meta":{"desktop":{"background-color":"var(--ast-global-color-4)","background-image":"","background-repeat":"repeat","background-position":"center center","background-size":"auto","background-attachment":"scroll","background-type":"","background-media":"","overlay-type":"","overlay-color":"","overlay-opacity":"","overlay-gradient":""},"tablet":{"background-color":"var(--ast-global-color-4)","background-image":"","background-repeat":"repeat","background-position":"center center","background-size":"auto","background-attachment":"scroll","background-type":"","background-media":"","overlay-type":"","overlay-color":"","overlay-opacity":"","overlay-gradient":""},"mobile":{"background-color":"var(--ast-global-color-4)","background-image":"","background-repeat":"repeat","background-position":"center center","background-size":"auto","background-attachment":"scroll","background-type":"","background-media":"","overlay-type":"","overlay-color":"","overlay-opacity":"","overlay-gradient":""}},"footnotes":""},"class_list":["post-246","page","type-page","status-publish","hentry"],"_links":{"self":[{"href":"https:\/\/setveu.com\/es\/wp-json\/wp\/v2\/pages\/246","targetHints":{"allow":["GET"]}}],"collection":[{"href":"https:\/\/setveu.com\/es\/wp-json\/wp\/v2\/pages"}],"about":[{"href":"https:\/\/setveu.com\/es\/wp-json\/wp\/v2\/types\/page"}],"author":[{"embeddable":true,"href":"https:\/\/setveu.com\/es\/wp-json\/wp\/v2\/users\/1"}],"replies":[{"embeddable":true,"href":"https:\/\/setveu.com\/es\/wp-json\/wp\/v2\/comments?post=246"}],"version-history":[{"count":13,"href":"https:\/\/setveu.com\/es\/wp-json\/wp\/v2\/pages\/246\/revisions"}],"predecessor-version":[{"id":443,"href":"https:\/\/setveu.com\/es\/wp-json\/wp\/v2\/pages\/246\/revisions\/443"}],"wp:attachment":[{"href":"https:\/\/setveu.com\/es\/wp-json\/wp\/v2\/media?parent=246"}],"curies":[{"name":"wp","href":"https:\/\/api.w.org\/{rel}","templated":true}]}}